{"id":131,"date":"2025-11-20T21:33:30","date_gmt":"2025-11-20T21:33:30","guid":{"rendered":"https:\/\/icm-ia.com\/?page_id=131"},"modified":"2026-03-15T23:50:29","modified_gmt":"2026-03-15T23:50:29","slug":"contacto-2","status":"publish","type":"page","link":"https:\/\/icm-ia.com\/en\/contacto-2\/","title":{"rendered":"Contact"},"content":{"rendered":"<p><\/p>\n\n\n\n<p><\/p>\n\n\n\n<div class=\"wp-block-uagb-container uagb-block-2e473943 alignfull uagb-is-root-container\"><div class=\"uagb-container__video-wrap\"><video autoplay loop muted playsinline><source src=\"https:\/\/icm-ia.com\/wp-content\/uploads\/2025\/11\/Diseno-sin-titulo-2.mp4\" type=\"video\/mp4\"\/><\/video><\/div><div class=\"uagb-container__shape uagb-container__shape-top\"><svg xmlns=\"https:\/\/www.w3.org\/2000\/svg\" viewbox=\"0 0 283.5 19.6\" preserveaspectratio=\"none\"><path class=\"uagb-container__shape-fill\" opacity=\"0.33\" d=\"M0 0L0 18.8 141.8 4.1 283.5 18.8 283.5 0z\"><\/path><path class=\"uagb-container__shape-fill\" opacity=\"0.33\" d=\"M0 0L0 12.6 141.8 4 283.5 12.6 283.5 0z\"><\/path><path class=\"uagb-container__shape-fill\" opacity=\"0.33\" d=\"M0 0L0 6.4 141.8 4 283.5 6.4 283.5 0z\"><\/path><path class=\"uagb-container__shape-fill\" d=\"M0 0L0 1.2 141.8 4 283.5 1.2 283.5 0z\"><\/path><\/svg><\/div><div class=\"uagb-container__shape uagb-container__shape-bottom uagb-container__invert\" data-negative=\"false\"><svg xmlns=\"https:\/\/www.w3.org\/2000\/svg\" viewbox=\"0 0 283.5 19.6\" preserveaspectratio=\"none\"><path class=\"uagb-container__shape-fill\" opacity=\"0.33\" d=\"M0 0L0 18.8 141.8 4.1 283.5 18.8 283.5 0z\"><\/path><path class=\"uagb-container__shape-fill\" opacity=\"0.33\" d=\"M0 0L0 12.6 141.8 4 283.5 12.6 283.5 0z\"><\/path><path class=\"uagb-container__shape-fill\" opacity=\"0.33\" d=\"M0 0L0 6.4 141.8 4 283.5 6.4 283.5 0z\"><\/path><path class=\"uagb-container__shape-fill\" d=\"M0 0L0 1.2 141.8 4 283.5 1.2 283.5 0z\"><\/path><\/svg><\/div><div class=\"uagb-container-inner-blocks-wrap\">\n<div class=\"wp-block-uagb-container uagb-block-4c2c32c7\"><\/div>\n\n\n\n<div class=\"wp-block-uagb-container uagb-block-9462554e\">\n<h1 class=\"floating-text\">Let\u2019s talk about automating your business with AI<\/h1>\n\n\n\n<div data-aos= \"zoom-out-up\" data-aos-duration=\"400\" data-aos-delay=\"0\" data-aos-easing=\"ease\" data-aos-once=\"true\" class=\"wp-block-uagb-advanced-heading uagb-block-2b407d2d\"><h3 class=\"uagb-heading-text translation-block\">Tell us how you currently work, and together we\u2019ll identify what we can automate to save you time, costs, and errors.<\/h3><\/div>\n<\/div>\n<\/div><\/div>\n\n\n\n<div style=\"height:75px\" aria-hidden=\"true\" class=\"wp-block-spacer\"><\/div>\n\n\n\n<div class=\"wp-block-uagb-container uagb-block-ea556dd4 alignfull uagb-is-root-container\"><div class=\"uagb-container-inner-blocks-wrap\">\n<div class=\"wp-block-uagb-container uagb-block-9d5af6f2\">\n<div class=\"wp-block-uagb-advanced-heading uagb-block-7c7fab69\"><h2 class=\"uagb-heading-text\">Book a call with us<\/h2><\/div>\n\n\n\n<!-- Cal inline embed code begins -->\n<div style=\"width:100%;height:100%;overflow:scroll\" id=\"my-cal-inline-reconocimiento\"><\/div>\n<script type=\"text\/javascript\">\n  (function (C, A, L) { let p = function (a, ar) { a.q.push(ar); }; let d = C.document; C.Cal = C.Cal || function () { let cal = C.Cal; let ar = arguments; if (!cal.loaded) { cal.ns = {}; cal.q = cal.q || []; d.head.appendChild(d.createElement(\"script\")).src = A; cal.loaded = true; } if (ar[0] === L) { const api = function () { p(api, arguments); }; const namespace = ar[1]; api.q = api.q || []; if(typeof namespace === \"string\"){cal.ns[namespace] = cal.ns[namespace] || api;p(cal.ns[namespace], ar);p(cal, [\"initNamespace\", namespace]);} else p(cal, ar); return;} p(cal, ar); }; })(window, \"https:\/\/app.cal.com\/embed\/embed.js\", \"init\");\nCal(\"init\", \"reconocimiento\", {origin:\"https:\/\/app.cal.com\"});\n\n  Cal.ns.reconocimiento(\"inline\", {\n    elementOrSelector:\"#my-cal-inline-reconocimiento\",\n    config: {\"layout\":\"month_view\",\"useSlotsViewOnSmallScreen\":\"true\"},\n    calLink: \"icm-ia\/reconocimiento\",\n  });\n\n  Cal.ns.reconocimiento(\"ui\", {\"hideEventTypeDetails\":false,\"layout\":\"month_view\"});\n  <\/script>\n  <!-- Cal inline embed code ends -->\n<\/div>\n<\/div><\/div>\n\n\n\n<div style=\"height:100px\" aria-hidden=\"true\" class=\"wp-block-spacer\"><\/div>\n\n\n\n<div class=\"wp-block-uagb-advanced-heading uagb-block-a2f309b2\"><h2 class=\"uagb-heading-text\">Ways to contact us<\/h2><\/div>\n\n\n\n<div class=\"wp-block-uagb-container uagb-block-902187f5 alignfull uagb-is-root-container\"><div class=\"uagb-container-inner-blocks-wrap\">\n<div class=\"wp-block-uagb-container uagb-block-e7364a86\">      \n\t\t\t<div class=\"uagb-icon-wrapper uagb-block-9861338a\"\n\t\t\tstyle=\"\" >\n\t\t\t\t\t\t\t\t\t<span class=\"uagb-svg-wrapper\" \n\t\t\t\t\t aria-label=\"phone\"\t\t\t\t\ttabindex=\"0\">\t\t\n\t\t\t\t\t\t\t\t\t\t<svg xmlns=\"https:\/\/www.w3.org\/2000\/svg\" viewbox= \"0 0 512 512\" role=\"graphics-symbol\" aria-hidden=\"false\" aria-label=\"\"><path d=\"M511.2 387l-23.25 100.8c-3.266 14.25-15.79 24.22-30.46 24.22C205.2 512 0 306.8 0 54.5c0-14.66 9.969-27.2 24.22-30.45l100.8-23.25C139.7-2.602 154.7 5.018 160.8 18.92l46.52 108.5c5.438 12.78 1.77 27.67-8.98 36.45L144.5 207.1c33.98 69.22 90.26 125.5 159.5 159.5l44.08-53.8c8.688-10.78 23.69-14.51 36.47-8.975l108.5 46.51C506.1 357.2 514.6 372.4 511.2 387z\"><\/path><\/svg>\n\t\t\t\t\t\t\t\t\t<\/span>\n\t\t\t\t\t\t\t<\/div>\n\t\t\t\n\n\n<div class=\"wp-block-uagb-advanced-heading uagb-block-ba9bcbd9\"><h2 class=\"uagb-heading-text\">Whatsapp<\/h2><\/div>\n\n\n\n<hr class=\"wp-block-separator has-text-color has-ast-global-color-1-color has-alpha-channel-opacity has-ast-global-color-1-background-color has-background\"\/>\n\n\n\n<p class=\"has-text-align-center has-white-color has-text-color has-link-color wp-elements-6390d6f3fb178847a83b8363dfdecc99\">+54 9 2223 50-7821<br>+54 9 261 692-8442<\/p>\n<\/div>\n\n\n\n<div class=\"wp-block-uagb-container uagb-block-8340c623\">      \n\t\t\t<div class=\"uagb-icon-wrapper uagb-block-56657421\"\n\t\t\tstyle=\"\" >\n\t\t\t\t\t\t\t\t\t<span class=\"uagb-svg-wrapper\" \n\t\t\t\t\t aria-label=\"envelope\"\t\t\t\t\ttabindex=\"0\">\t\t\n\t\t\t\t\t\t\t\t\t\t<svg xmlns=\"https:\/\/www.w3.org\/2000\/svg\" viewbox= \"0 0 512 512\" role=\"graphics-symbol\" aria-hidden=\"false\" aria-label=\"\"><path d=\"M464 64C490.5 64 512 85.49 512 112C512 127.1 504.9 141.3 492.8 150.4L275.2 313.6C263.8 322.1 248.2 322.1 236.8 313.6L19.2 150.4C7.113 141.3 0 127.1 0 112C0 85.49 21.49 64 48 64H464zM217.6 339.2C240.4 356.3 271.6 356.3 294.4 339.2L512 176V384C512 419.3 483.3 448 448 448H64C28.65 448 0 419.3 0 384V176L217.6 339.2z\"><\/path><\/svg>\n\t\t\t\t\t\t\t\t\t<\/span>\n\t\t\t\t\t\t\t<\/div>\n\t\t\t\n\n\n<div class=\"wp-block-uagb-advanced-heading uagb-block-e05913d4\"><h2 class=\"uagb-heading-text\">Mail<\/h2><\/div>\n\n\n\n<hr class=\"wp-block-separator has-text-color has-ast-global-color-1-color has-alpha-channel-opacity has-ast-global-color-1-background-color has-background\"\/>\n\n\n\n<p class=\"has-text-align-center has-white-color has-text-color has-link-color wp-elements-9d8823bac1b2950ead6a563f76316eb1\">info@marketingicm.com<\/p>\n<\/div>\n\n\n\n<div class=\"wp-block-uagb-container uagb-block-d49571df\">      \n\t\t\t<div class=\"uagb-icon-wrapper uagb-block-df8415dc\"\n\t\t\tstyle=\"\" >\n\t\t\t\t\t\t\t\t\t<span class=\"uagb-svg-wrapper\" \n\t\t\t\t\t aria-label=\"whatsapp\"\t\t\t\t\ttabindex=\"0\">\t\t\n\t\t\t\t\t\t\t\t\t\t<svg xmlns=\"https:\/\/www.w3.org\/2000\/svg\" viewbox= \"0 0 448 512\" role=\"graphics-symbol\" aria-hidden=\"false\" aria-label=\"\"><path d=\"M380.9 97.1C339 55.1 283.2 32 223.9 32c-122.4 0-222 99.6-222 222 0 39.1 10.2 77.3 29.6 111L0 480l117.7-30.9c32.4 17.7 68.9 27 106.1 27h.1c122.3 0 224.1-99.6 224.1-222 0-59.3-25.2-115-67.1-157zm-157 341.6c-33.2 0-65.7-8.9-94-25.7l-6.7-4-69.8 18.3L72 359.2l-4.4-7c-18.5-29.4-28.2-63.3-28.2-98.2 0-101.7 82.8-184.5 184.6-184.5 49.3 0 95.6 19.2 130.4 54.1 34.8 34.9 56.2 81.2 56.1 130.5 0 101.8-84.9 184.6-186.6 184.6zm101.2-138.2c-5.5-2.8-32.8-16.2-37.9-18-5.1-1.9-8.8-2.8-12.5 2.8-3.7 5.6-14.3 18-17.6 21.8-3.2 3.7-6.5 4.2-12 1.4-32.6-16.3-54-29.1-75.5-66-5.7-9.8 5.7-9.1 16.3-30.3 1.8-3.7 .9-6.9-.5-9.7-1.4-2.8-12.5-30.1-17.1-41.2-4.5-10.8-9.1-9.3-12.5-9.5-3.2-.2-6.9-.2-10.6-.2-3.7 0-9.7 1.4-14.8 6.9-5.1 5.6-19.4 19-19.4 46.3 0 27.3 19.9 53.7 22.6 57.4 2.8 3.7 39.1 59.7 94.8 83.8 35.2 15.2 49 16.5 66.6 13.9 10.7-1.6 32.8-13.4 37.4-26.4 4.6-13 4.6-24.1 3.2-26.4-1.3-2.5-5-3.9-10.5-6.6z\"><\/path><\/svg>\n\t\t\t\t\t\t\t\t\t<\/span>\n\t\t\t\t\t\t\t<\/div>\n\t\t\t\n\n\n<div class=\"wp-block-uagb-advanced-heading uagb-block-ce3eb403\"><h2 class=\"uagb-heading-text\">Whatsapp<\/h2><\/div>\n\n\n\n<hr class=\"wp-block-separator has-text-color has-ast-global-color-1-color has-alpha-channel-opacity has-ast-global-color-1-background-color has-background\"\/>\n\n\n\n<div class=\"wp-block-uagb-buttons uagb-buttons__outer-wrap uagb-btn__default-btn uagb-btn-tablet__default-btn uagb-btn-mobile__default-btn uagb-block-5b4785d1\"><div class=\"uagb-buttons__wrap uagb-buttons-layout-wrap\">\n<div class=\"wp-block-uagb-buttons-child uagb-buttons__outer-wrap uagb-block-b8ae37c5 wp-block-button\"><div class=\"uagb-button__wrapper\"><a class=\"uagb-buttons-repeater wp-block-button__link\" aria-label=\"\" href=\"https:\/\/wa.me\/5492223507821\" rel=\"follow noopener\" target=\"_self\" role=\"button\"><div class=\"uagb-button__link\">Touch here to talk by whatsapp<\/div><\/a><\/div><\/div>\n<\/div><\/div>\n<\/div>\n<\/div><\/div>\n\n\n\n<div class=\"wp-block-uagb-container cursor-blob uagb-block-8f37a51f alignwide uagb-is-root-container\"><\/div>\n\n\n\n<div style=\"height:53px\" aria-hidden=\"true\" class=\"wp-block-spacer\"><\/div>\n\n\n\n<div class=\"wp-block-uagb-container uagb-block-6541ac89 alignfull uagb-is-root-container\"><div class=\"uagb-container__shape uagb-container__shape-top\"><svg xmlns=\"https:\/\/www.w3.org\/2000\/svg\" viewbox=\"0 0 937.5 120\" preserveaspectratio=\"none\"><path class=\"uagb-container__shape-fill\" d=\"M937,129.8V-0.1H0v129.9C0,62.6,209.6,8.2,468.4,8.2S936.9,62.6,937,129.8z\"><\/path><\/svg><\/div><div class=\"uagb-container-inner-blocks-wrap\">\n<div class=\"wp-block-uagb-container uagb-block-0a1887ce\">\n<div class=\"wp-block-uagb-container uagb-block-7c64591b alignfull uagb-is-root-container\"><div class=\"uagb-container-inner-blocks-wrap\">\n<div class=\"wp-block-uagb-container uagb-block-6cdd65ac\">\n<div data-aos= \"fade-right\" data-aos-duration=\"400\" data-aos-delay=\"0\" data-aos-easing=\"ease\" data-aos-once=\"true\" class=\"wp-block-uagb-image uagb-block-43799e20 wp-block-uagb-image--layout-default wp-block-uagb-image--effect-static wp-block-uagb-image--align-none float-img\"><figure class=\"wp-block-uagb-image__figure\"><img decoding=\"async\" srcset=\"https:\/\/icm-ia.com\/wp-content\/uploads\/2025\/11\/Diseno-sin-titulo-25.png ,https:\/\/icm-ia.com\/wp-content\/uploads\/2025\/11\/Diseno-sin-titulo-25.png 780w, https:\/\/icm-ia.com\/wp-content\/uploads\/2025\/11\/Diseno-sin-titulo-25.png 360w\" sizes=\"auto, (max-width: 480px) 150px\" src=\"https:\/\/icm-ia.com\/wp-content\/uploads\/2025\/11\/Diseno-sin-titulo-25.png\" alt=\"\" class=\"uag-image-101\" width=\"380\" height=\"380\" title=\"Dise\u00f1o sin t\u00edtulo (25)\" loading=\"lazy\" role=\"img\"\/><\/figure><\/div>\n<\/div>\n\n\n\n<div data-aos= \"fade-left\" data-aos-duration=\"400\" data-aos-delay=\"0\" data-aos-easing=\"ease\" data-aos-once=\"true\" class=\"wp-block-uagb-container uagb-block-cc5c8fed\">\n<div class=\"wp-block-uagb-advanced-heading uagb-block-9ed19d2a\"><h2 class=\"uagb-heading-text translation-block\"><span style=\"color:#000000\">\nAt ICM\u2013AI, we help businesses save time, reduce costs, and eliminate repetitive tasks through AI-driven automations and advanced n8n workflows.\n<\/span><\/h2><\/div>\n<\/div>\n<\/div><\/div>\n<\/div>\n<\/div><\/div>","protected":false},"excerpt":{"rendered":"<p>Hablemos de automatizar tu negocio con IA Contanos c\u00f3mo trabaj\u00e1s hoy y vemos juntos qu\u00e9 podemos automatizar para ahorrarte tiempo, [&hellip;]<\/p>","protected":false},"author":1,"featured_media":0,"parent":0,"menu_order":0,"comment_status":"closed","ping_status":"closed","template":"","meta":{"_uag_custom_page_level_css":"","site-sidebar-layout":"default","site-content-layout":"","ast-site-content-layout":"default","site-content-style":"default","site-sidebar-style":"default","ast-global-header-display":"","ast-banner-title-visibility":"","ast-main-header-display":"","ast-hfb-above-header-display":"","ast-hfb-below-header-display":"","ast-hfb-mobile-header-display":"","site-post-title":"disabled","ast-breadcrumbs-content":"","ast-featured-img":"","footer-sml-layout":"","ast-disable-related-posts":"","theme-transparent-header-meta":"","adv-header-id-meta":"","stick-header-meta":"","header-above-stick-meta":"","header-main-stick-meta":"","header-below-stick-meta":"","astra-migrate-meta-layouts":"default","ast-page-background-enabled":"default","ast-page-background-meta":{"desktop":{"background-color":"var(--ast-global-color-5)","background-image":"","background-repeat":"repeat","background-position":"center center","background-size":"auto","background-attachment":"scroll","background-type":"","background-media":"","overlay-type":"","overlay-color":"","overlay-opacity":"","overlay-gradient":""},"tablet":{"background-color":"","background-image":"","background-repeat":"repeat","background-position":"center center","background-size":"auto","background-attachment":"scroll","background-type":"","background-media":"","overlay-type":"","overlay-color":"","overlay-opacity":"","overlay-gradient":""},"mobile":{"background-color":"","background-image":"","background-repeat":"repeat","background-position":"center center","background-size":"auto","background-attachment":"scroll","background-type":"","background-media":"","overlay-type":"","overlay-color":"","overlay-opacity":"","overlay-gradient":""}},"ast-content-background-meta":{"desktop":{"background-color":"var(--ast-global-color-4)","background-image":"","background-repeat":"repeat","background-position":"center center","background-size":"auto","background-attachment":"scroll","background-type":"","background-media":"","overlay-type":"","overlay-color":"","overlay-opacity":"","overlay-gradient":""},"tablet":{"background-color":"var(--ast-global-color-4)","background-image":"","background-repeat":"repeat","background-position":"center center","background-size":"auto","background-attachment":"scroll","background-type":"","background-media":"","overlay-type":"","overlay-color":"","overlay-opacity":"","overlay-gradient":""},"mobile":{"background-color":"var(--ast-global-color-4)","background-image":"","background-repeat":"repeat","background-position":"center center","background-size":"auto","background-attachment":"scroll","background-type":"","background-media":"","overlay-type":"","overlay-color":"","overlay-opacity":"","overlay-gradient":""}},"footnotes":""},"class_list":["post-131","page","type-page","status-publish","hentry"],"uagb_featured_image_src":{"full":false,"thumbnail":false,"medium":false,"medium_large":false,"large":false,"1536x1536":false,"2048x2048":false,"trp-custom-language-flag":false},"uagb_author_info":{"display_name":"juancruzlazo50@gmail.com","author_link":"https:\/\/icm-ia.com\/en\/author\/juancruzlazo50gmail-com\/"},"uagb_comment_info":0,"uagb_excerpt":"Hablemos de automatizar tu negocio con IA Contanos c\u00f3mo trabaj\u00e1s hoy y vemos juntos qu\u00e9 podemos automatizar para ahorrarte tiempo, [&hellip;]","_links":{"self":[{"href":"https:\/\/icm-ia.com\/en\/wp-json\/wp\/v2\/pages\/131","targetHints":{"allow":["GET"]}}],"collection":[{"href":"https:\/\/icm-ia.com\/en\/wp-json\/wp\/v2\/pages"}],"about":[{"href":"https:\/\/icm-ia.com\/en\/wp-json\/wp\/v2\/types\/page"}],"author":[{"embeddable":true,"href":"https:\/\/icm-ia.com\/en\/wp-json\/wp\/v2\/users\/1"}],"replies":[{"embeddable":true,"href":"https:\/\/icm-ia.com\/en\/wp-json\/wp\/v2\/comments?post=131"}],"version-history":[{"count":24,"href":"https:\/\/icm-ia.com\/en\/wp-json\/wp\/v2\/pages\/131\/revisions"}],"predecessor-version":[{"id":328,"href":"https:\/\/icm-ia.com\/en\/wp-json\/wp\/v2\/pages\/131\/revisions\/328"}],"wp:attachment":[{"href":"https:\/\/icm-ia.com\/en\/wp-json\/wp\/v2\/media?parent=131"}],"curies":[{"name":"wp","href":"https:\/\/api.w.org\/{rel}","templated":true}]}}